{"id":268,"date":"2023-04-04T14:05:31","date_gmt":"2023-04-04T12:05:31","guid":{"rendered":"http:\/\/rochefortnouveaumonde.info\/?page_id=268"},"modified":"2024-09-18T17:59:27","modified_gmt":"2024-09-18T15:59:27","slug":"adherer","status":"publish","type":"page","link":"https:\/\/rochefortnouveaumonde.info\/index.php\/adherer\/","title":{"rendered":"Adh\u00e9rer"},"content":{"rendered":"\t\t<div data-elementor-type=\"wp-page\" data-elementor-id=\"268\" class=\"elementor elementor-268\">\n\t\t\t\t<div class=\"elementor-element elementor-element-1a935e8 e-flex e-con-boxed e-con e-parent\" data-id=\"1a935e8\" data-element_type=\"container\" data-e-type=\"container\">\n\t\t\t\t\t<div class=\"e-con-inner\">\n\t\t<div class=\"elementor-element elementor-element-40a3fc8 e-con-full e-flex e-con e-child\" data-id=\"40a3fc8\" data-element_type=\"container\" data-e-type=\"container\">\n\t\t\t\t<div class=\"elementor-element elementor-element-f203095 elementor-widget elementor-widget-heading\" data-id=\"f203095\" data-element_type=\"widget\" data-e-type=\"widget\" data-widget_type=\"heading.default\">\n\t\t\t\t<div class=\"elementor-widget-container\">\n\t\t\t\t\t<h2 class=\"elementor-heading-title elementor-size-default\">Adh\u00e9rez et soutenez Rochefort Nouveau Monde<\/h2>\t\t\t\t<\/div>\n\t\t\t\t<\/div>\n\t\t\t\t<\/div>\n\t\t\t\t\t<\/div>\n\t\t\t\t<\/div>\n\t\t<div class=\"elementor-element elementor-element-6e3fdc7a e-flex e-con-boxed e-con e-parent\" data-id=\"6e3fdc7a\" data-element_type=\"container\" data-e-type=\"container\">\n\t\t\t\t\t<div class=\"e-con-inner\">\n\t\t\t\t<div class=\"elementor-element elementor-element-28782d0c elementor-widget elementor-widget-text-editor\" data-id=\"28782d0c\" data-element_type=\"widget\" data-e-type=\"widget\" data-widget_type=\"text-editor.default\">\n\t\t\t\t<div class=\"elementor-widget-container\">\n\t\t\t\t\t\t\t\t\t\n<p>Vous adh\u00e9rez \u00e0 Rochefort Nouveau Monde car vous souhaitez contribuer \u00e0 l&rsquo;organisation de nos \u00e9v\u00e9nements qui interrogent la formation des opinions et le mieux vivre ensemble. Nous utilisons les services HelloAsso pour l&rsquo;interface de paiement en ligne afin de b\u00e9n\u00e9ficier de leur syst\u00e8me s\u00e9curis\u00e9. <br \/><br \/>HelloAsso recense plus de 200 000 associations et s&rsquo;engage pour votre s\u00e9r\u00e9nit\u00e9 (source site HelloAsso) : <br \/><em>\u00a0\u00bb Sur HelloAsso, toutes les informations bancaires pour traiter le paiement sont totalement s\u00e9curis\u00e9es. Elles ne sont en aucun cas conserv\u00e9es sur nos syst\u00e8mes informatiques. Gr\u00e2ce <strong>au cryptage SSL\u00a0<\/strong>(identifiable gr\u00e2ce au<strong>\u00a0https)<\/strong>\u00a0des donn\u00e9es bancaires, l\u2019internaute est assur\u00e9 de la fiabilit\u00e9 de ses transactions sur Internet. De plus,<strong>\u00a0tous les paiements b\u00e9n\u00e9ficient du contr\u00f4le 3D Secure<\/strong> ce qui vous pr\u00e9munit \u00e9galement contre les risques de fraude \u00ab\u00a0.<\/em><\/p>\n\n<p>Pour commencer la proc\u00e9dure d&rsquo;adh\u00e9sion en ligne, cliquez sur le bouton ci-dessous.<\/p>\n<p><iframe id=\"haWidget\" style=\"width: 100%; height: 70px; border: none;\" src=\"https:\/\/www.helloasso.com\/associations\/rochefort-nouveau-monde\/adhesions\/adhesion-rochefort-nouveau-monde\/widget-bouton\"><\/iframe>Si vous pr\u00e9f\u00e9rez effectuer un virement, utilisez le formulaire de contact pour demander le RIB de Rochefort Nouveau Monde.<\/p>\n<p>Par avance, merci beaucoup pour votre contribution\u00a0 et votre soutien !<\/p>\n\t\t\t\t\t\t\t\t<\/div>\n\t\t\t\t<\/div>\n\t\t\t\t\t<\/div>\n\t\t\t\t<\/div>\n\t\t\t\t<\/div>\n\t\t","protected":false},"excerpt":{"rendered":"<p>Adh\u00e9rez et soutenez Rochefort Nouveau Monde Vous adh\u00e9rez \u00e0 Rochefort Nouveau Monde car vous souhaitez contribuer \u00e0 l&rsquo;organisation de nos \u00e9v\u00e9nements qui interrogent la formation&hellip;<\/p>\n","protected":false},"author":1,"featured_media":0,"parent":0,"menu_order":0,"comment_status":"closed","ping_status":"closed","template":"","meta":{"footnotes":""},"class_list":["post-268","page","type-page","status-publish","hentry"],"_links":{"self":[{"href":"https:\/\/rochefortnouveaumonde.info\/index.php\/wp-json\/wp\/v2\/pages\/268","targetHints":{"allow":["GET"]}}],"collection":[{"href":"https:\/\/rochefortnouveaumonde.info\/index.php\/wp-json\/wp\/v2\/pages"}],"about":[{"href":"https:\/\/rochefortnouveaumonde.info\/index.php\/wp-json\/wp\/v2\/types\/page"}],"author":[{"embeddable":true,"href":"https:\/\/rochefortnouveaumonde.info\/index.php\/wp-json\/wp\/v2\/users\/1"}],"replies":[{"embeddable":true,"href":"https:\/\/rochefortnouveaumonde.info\/index.php\/wp-json\/wp\/v2\/comments?post=268"}],"version-history":[{"count":11,"href":"https:\/\/rochefortnouveaumonde.info\/index.php\/wp-json\/wp\/v2\/pages\/268\/revisions"}],"predecessor-version":[{"id":1152,"href":"https:\/\/rochefortnouveaumonde.info\/index.php\/wp-json\/wp\/v2\/pages\/268\/revisions\/1152"}],"wp:attachment":[{"href":"https:\/\/rochefortnouveaumonde.info\/index.php\/wp-json\/wp\/v2\/media?parent=268"}],"curies":[{"name":"wp","href":"https:\/\/api.w.org\/{rel}","templated":true}]}}